{"id":54,"date":"2026-04-13T10:45:37","date_gmt":"2026-04-13T14:45:37","guid":{"rendered":"https:\/\/compradordeoro.com\/?page_id=54"},"modified":"2026-04-13T18:42:27","modified_gmt":"2026-04-13T22:42:27","slug":"contacto","status":"publish","type":"page","link":"https:\/\/compradordeoro.com\/?page_id=54","title":{"rendered":"Contacto"},"content":{"rendered":"\t\t<div data-elementor-type=\"wp-page\" data-elementor-id=\"54\" class=\"elementor elementor-54\" data-elementor-post-type=\"page\">\n\t\t\t\t<div class=\"elementor-element elementor-element-43dbfc44 e-flex e-con-boxed e-con e-parent\" data-id=\"43dbfc44\" data-element_type=\"container\" data-e-type=\"container\" data-settings=\"{&quot;background_background&quot;:&quot;classic&quot;}\">\n\t\t\t\t\t<div class=\"e-con-inner\">\n\t\t<div class=\"elementor-element elementor-element-780abd7c e-flex e-con-boxed e-con e-child\" data-id=\"780abd7c\" data-element_type=\"container\" data-e-type=\"container\" data-settings=\"{&quot;background_background&quot;:&quot;classic&quot;}\">\n\t\t\t\t\t<div class=\"e-con-inner\">\n\t\t<div class=\"elementor-element elementor-element-52bade23 e-flex e-con-boxed e-con e-child\" data-id=\"52bade23\" data-element_type=\"container\" data-e-type=\"container\">\n\t\t\t\t\t<div class=\"e-con-inner\">\n\t\t<div class=\"elementor-element elementor-element-25d78fad e-con-full e-flex e-con e-child\" data-id=\"25d78fad\" data-element_type=\"container\" data-e-type=\"container\">\n\t\t\t\t<div class=\"elementor-element elementor-element-5ede9c8 elementor-widget elementor-widget-text-editor\" data-id=\"5ede9c8\" data-element_type=\"widget\" data-e-type=\"widget\" data-widget_type=\"text-editor.default\">\n\t\t\t\t\t\t\t\t\t<p>\u00bfTienes dudas o quieres vender? Cont\u00e1ctanos hoy mismo.<\/p>\t\t\t\t\t\t\t\t<\/div>\n\t\t\t\t<\/div>\n\t\t\t\t\t<\/div>\n\t\t\t\t<\/div>\n\t\t\t\t\t<\/div>\n\t\t\t\t<\/div>\n\t\t\t\t\t<\/div>\n\t\t\t\t<\/div>\n\t\t<div class=\"elementor-element elementor-element-46686c6a e-flex e-con-boxed e-con e-parent\" data-id=\"46686c6a\" data-element_type=\"container\" data-e-type=\"container\">\n\t\t\t\t\t<div class=\"e-con-inner\">\n\t\t<div class=\"elementor-element elementor-element-1b709af2 e-flex e-con-boxed e-con e-child\" data-id=\"1b709af2\" data-element_type=\"container\" data-e-type=\"container\">\n\t\t\t\t\t<div class=\"e-con-inner\">\n\t\t<div class=\"elementor-element elementor-element-43139072 e-con-full e-flex e-con e-child\" data-id=\"43139072\" data-element_type=\"container\" data-e-type=\"container\" data-settings=\"{&quot;background_background&quot;:&quot;classic&quot;}\">\n\t\t<div class=\"elementor-element elementor-element-fe0aa1b e-flex e-con-boxed e-con e-child\" data-id=\"fe0aa1b\" data-element_type=\"container\" data-e-type=\"container\">\n\t\t\t\t\t<div class=\"e-con-inner\">\n\t\t\t\t<div class=\"elementor-element elementor-element-527c4688 elementor-widget elementor-widget-image\" data-id=\"527c4688\" data-element_type=\"widget\" data-e-type=\"widget\" data-widget_type=\"image.default\">\n\t\t\t\t\t\t\t\t\t\t\t\t\t\t\t<img fetchpriority=\"high\" decoding=\"async\" width=\"1000\" height=\"500\" src=\"https:\/\/compradordeoro.com\/wp-content\/uploads\/2026\/04\/39-14.jpg\" class=\"attachment-large size-large wp-image-59\" alt=\"\" srcset=\"https:\/\/compradordeoro.com\/wp-content\/uploads\/2026\/04\/39-14.jpg 1000w, https:\/\/compradordeoro.com\/wp-content\/uploads\/2026\/04\/39-14-300x150.jpg 300w, https:\/\/compradordeoro.com\/wp-content\/uploads\/2026\/04\/39-14-768x384.jpg 768w\" sizes=\"(max-width: 1000px) 100vw, 1000px\" \/>\t\t\t\t\t\t\t\t\t\t\t\t\t\t\t<\/div>\n\t\t\t\t\t<\/div>\n\t\t\t\t<\/div>\n\t\t<div class=\"elementor-element elementor-element-3a410a64 e-flex e-con-boxed e-con e-child\" data-id=\"3a410a64\" data-element_type=\"container\" data-e-type=\"container\">\n\t\t\t\t\t<div class=\"e-con-inner\">\n\t\t<div class=\"elementor-element elementor-element-55b2cdfe e-flex e-con-boxed e-con e-child\" data-id=\"55b2cdfe\" data-element_type=\"container\" data-e-type=\"container\">\n\t\t\t\t\t<div class=\"e-con-inner\">\n\t\t<div class=\"elementor-element elementor-element-6138d4fa e-flex e-con-boxed e-con e-child\" data-id=\"6138d4fa\" data-element_type=\"container\" data-e-type=\"container\">\n\t\t\t\t\t<div class=\"e-con-inner\">\n\t\t\t\t<div class=\"elementor-element elementor-element-2675902f elementor-widget elementor-widget-image\" data-id=\"2675902f\" data-element_type=\"widget\" data-e-type=\"widget\" data-widget_type=\"image.default\">\n\t\t\t\t\t\t\t\t\t\t\t\t\t\t\t<img decoding=\"async\" width=\"1000\" height=\"700\" src=\"https:\/\/compradordeoro.com\/wp-content\/uploads\/2026\/04\/76.jpg\" class=\"attachment-large size-large wp-image-60\" alt=\"\" srcset=\"https:\/\/compradordeoro.com\/wp-content\/uploads\/2026\/04\/76.jpg 1000w, https:\/\/compradordeoro.com\/wp-content\/uploads\/2026\/04\/76-300x210.jpg 300w, https:\/\/compradordeoro.com\/wp-content\/uploads\/2026\/04\/76-768x538.jpg 768w\" sizes=\"(max-width: 1000px) 100vw, 1000px\" \/>\t\t\t\t\t\t\t\t\t\t\t\t\t\t\t<\/div>\n\t\t\t\t\t<\/div>\n\t\t\t\t<\/div>\n\t\t<div class=\"elementor-element elementor-element-565be6ca e-flex e-con-boxed e-con e-child\" data-id=\"565be6ca\" data-element_type=\"container\" data-e-type=\"container\">\n\t\t\t\t\t<div class=\"e-con-inner\">\n\t\t\t\t\t<\/div>\n\t\t\t\t<\/div>\n\t\t\t\t\t<\/div>\n\t\t\t\t<\/div>\n\t\t\t\t\t<\/div>\n\t\t\t\t<\/div>\n\t\t\t\t<\/div>\n\t\t<div class=\"elementor-element elementor-element-70e37754 e-flex e-con-boxed e-con e-child\" data-id=\"70e37754\" data-element_type=\"container\" data-e-type=\"container\">\n\t\t\t\t\t<div class=\"e-con-inner\">\n\t\t\t\t<div class=\"elementor-element elementor-element-273a9747 elementor-widget elementor-widget-heading\" data-id=\"273a9747\" data-element_type=\"widget\" data-e-type=\"widget\" data-widget_type=\"heading.default\">\n\t\t\t\t\t<h2 class=\"elementor-heading-title elementor-size-default\">Env\u00edanos un mensaje<\/h2>\t\t\t\t<\/div>\n\t\t\t\t<div class=\"elementor-element elementor-element-b33f541 elementor-widget elementor-widget-text-editor\" data-id=\"b33f541\" data-element_type=\"widget\" data-e-type=\"widget\" data-widget_type=\"text-editor.default\">\n\t\t\t\t\t\t\t\t\t<p>Estamos para Ayudarte.<\/p>\t\t\t\t\t\t\t\t<\/div>\n\t\t<div class=\"elementor-element elementor-element-15e1407 e-con-full e-flex e-con e-child\" data-id=\"15e1407\" data-element_type=\"container\" data-e-type=\"container\">\n\t\t<div class=\"elementor-element elementor-element-8c4473c e-flex e-con-boxed e-con e-child\" data-id=\"8c4473c\" data-element_type=\"container\" data-e-type=\"container\" data-settings=\"{&quot;background_background&quot;:&quot;classic&quot;}\">\n\t\t\t\t\t<div class=\"e-con-inner\">\n\t\t<div class=\"elementor-element elementor-element-c481b92 e-con-full e-flex e-con e-child\" data-id=\"c481b92\" data-element_type=\"container\" data-e-type=\"container\">\n\t\t\t\t<div class=\"elementor-element elementor-element-9315413 elementor-widget elementor-widget-image\" data-id=\"9315413\" data-element_type=\"widget\" data-e-type=\"widget\" data-widget_type=\"image.default\">\n\t\t\t\t\t\t\t\t\t\t\t\t\t\t\t<img decoding=\"async\" width=\"158\" height=\"158\" src=\"https:\/\/compradordeoro.com\/wp-content\/uploads\/2026\/04\/70.png\" class=\"attachment-large size-large wp-image-55\" alt=\"\" srcset=\"https:\/\/compradordeoro.com\/wp-content\/uploads\/2026\/04\/70.png 158w, https:\/\/compradordeoro.com\/wp-content\/uploads\/2026\/04\/70-150x150.png 150w\" sizes=\"(max-width: 158px) 100vw, 158px\" \/>\t\t\t\t\t\t\t\t\t\t\t\t\t\t\t<\/div>\n\t\t\t\t<\/div>\n\t\t<div class=\"elementor-element elementor-element-9760659 e-con-full e-flex e-con e-child\" data-id=\"9760659\" data-element_type=\"container\" data-e-type=\"container\">\n\t\t\t\t<div class=\"elementor-element elementor-element-69202ad elementor-widget elementor-widget-heading\" data-id=\"69202ad\" data-element_type=\"widget\" data-e-type=\"widget\" data-widget_type=\"heading.default\">\n\t\t\t\t\t<h4 class=\"elementor-heading-title elementor-size-default\">Tel\u00e9fono<\/h4>\t\t\t\t<\/div>\n\t\t\t\t<div class=\"elementor-element elementor-element-38e362d elementor-widget elementor-widget-text-editor\" data-id=\"38e362d\" data-element_type=\"widget\" data-e-type=\"widget\" data-widget_type=\"text-editor.default\">\n\t\t\t\t\t\t\t\t\t<p>956-770-8800<\/p>\t\t\t\t\t\t\t\t<\/div>\n\t\t\t\t<\/div>\n\t\t\t\t\t<\/div>\n\t\t\t\t<\/div>\n\t\t<div class=\"elementor-element elementor-element-3ff4ccd e-flex e-con-boxed e-con e-child\" data-id=\"3ff4ccd\" data-element_type=\"container\" data-e-type=\"container\" data-settings=\"{&quot;background_background&quot;:&quot;classic&quot;}\">\n\t\t\t\t\t<div class=\"e-con-inner\">\n\t\t<div class=\"elementor-element elementor-element-6f8d4d2 e-con-full e-flex e-con e-child\" data-id=\"6f8d4d2\" data-element_type=\"container\" data-e-type=\"container\">\n\t\t\t\t<div class=\"elementor-element elementor-element-375f0c4 elementor-widget elementor-widget-image\" data-id=\"375f0c4\" data-element_type=\"widget\" data-e-type=\"widget\" data-widget_type=\"image.default\">\n\t\t\t\t\t\t\t\t\t\t\t\t\t\t\t<img loading=\"lazy\" decoding=\"async\" width=\"158\" height=\"158\" src=\"https:\/\/compradordeoro.com\/wp-content\/uploads\/2026\/04\/72.png\" class=\"attachment-large size-large wp-image-56\" alt=\"\" srcset=\"https:\/\/compradordeoro.com\/wp-content\/uploads\/2026\/04\/72.png 158w, https:\/\/compradordeoro.com\/wp-content\/uploads\/2026\/04\/72-150x150.png 150w\" sizes=\"(max-width: 158px) 100vw, 158px\" \/>\t\t\t\t\t\t\t\t\t\t\t\t\t\t\t<\/div>\n\t\t\t\t<\/div>\n\t\t<div class=\"elementor-element elementor-element-a125be6 e-con-full e-flex e-con e-child\" data-id=\"a125be6\" data-element_type=\"container\" data-e-type=\"container\">\n\t\t\t\t<div class=\"elementor-element elementor-element-ba8a0cd elementor-widget elementor-widget-heading\" data-id=\"ba8a0cd\" data-element_type=\"widget\" data-e-type=\"widget\" data-widget_type=\"heading.default\">\n\t\t\t\t\t<h4 class=\"elementor-heading-title elementor-size-default\">Email<\/h4>\t\t\t\t<\/div>\n\t\t\t\t<div class=\"elementor-element elementor-element-c7b0d39 elementor-widget elementor-widget-text-editor\" data-id=\"c7b0d39\" data-element_type=\"widget\" data-e-type=\"widget\" data-widget_type=\"text-editor.default\">\n\t\t\t\t\t\t\t\t\t<p>hola@compradordeoro.com<\/p>\t\t\t\t\t\t\t\t<\/div>\n\t\t\t\t<\/div>\n\t\t\t\t\t<\/div>\n\t\t\t\t<\/div>\n\t\t<div class=\"elementor-element elementor-element-2928a64 e-flex e-con-boxed e-con e-child\" data-id=\"2928a64\" data-element_type=\"container\" data-e-type=\"container\" data-settings=\"{&quot;background_background&quot;:&quot;classic&quot;}\">\n\t\t\t\t\t<div class=\"e-con-inner\">\n\t\t<div class=\"elementor-element elementor-element-cfa6e2f e-con-full e-flex e-con e-child\" data-id=\"cfa6e2f\" data-element_type=\"container\" data-e-type=\"container\">\n\t\t\t\t<div class=\"elementor-element elementor-element-ab171e3 elementor-widget elementor-widget-image\" data-id=\"ab171e3\" data-element_type=\"widget\" data-e-type=\"widget\" data-widget_type=\"image.default\">\n\t\t\t\t\t\t\t\t\t\t\t\t\t\t\t<img loading=\"lazy\" decoding=\"async\" width=\"158\" height=\"158\" src=\"https:\/\/compradordeoro.com\/wp-content\/uploads\/2026\/04\/73.png\" class=\"attachment-large size-large wp-image-61\" alt=\"\" srcset=\"https:\/\/compradordeoro.com\/wp-content\/uploads\/2026\/04\/73.png 158w, https:\/\/compradordeoro.com\/wp-content\/uploads\/2026\/04\/73-150x150.png 150w\" sizes=\"(max-width: 158px) 100vw, 158px\" \/>\t\t\t\t\t\t\t\t\t\t\t\t\t\t\t<\/div>\n\t\t\t\t<\/div>\n\t\t<div class=\"elementor-element elementor-element-7a72a2b e-con-full e-flex e-con e-child\" data-id=\"7a72a2b\" data-element_type=\"container\" data-e-type=\"container\">\n\t\t\t\t<div class=\"elementor-element elementor-element-0ab2077 elementor-widget elementor-widget-heading\" data-id=\"0ab2077\" data-element_type=\"widget\" data-e-type=\"widget\" data-widget_type=\"heading.default\">\n\t\t\t\t\t<h4 class=\"elementor-heading-title elementor-size-default\">Chatea<\/h4>\t\t\t\t<\/div>\n\t\t\t\t<\/div>\n\t\t\t\t\t<\/div>\n\t\t\t\t<\/div>\n\t\t\t\t<\/div>\n\t\t\t\t\t<\/div>\n\t\t\t\t<\/div>\n\t\t\t\t\t<\/div>\n\t\t\t\t<\/div>\n\t\t\t\t\t<\/div>\n\t\t\t\t<\/div>\n\t\t<div class=\"elementor-element elementor-element-66e4656c e-con-full e-flex e-con e-parent\" data-id=\"66e4656c\" data-element_type=\"container\" data-e-type=\"container\">\n\t\t<div class=\"elementor-element elementor-element-19a95ae1 e-con-full e-flex e-con e-child\" data-id=\"19a95ae1\" data-element_type=\"container\" data-e-type=\"container\">\n\t\t\t\t<div class=\"elementor-element elementor-element-4424ce89 elementor-widget elementor-widget-google_maps\" data-id=\"4424ce89\" data-element_type=\"widget\" data-e-type=\"widget\" data-widget_type=\"google_maps.default\">\n\t\t\t\t\t\t\t<div class=\"elementor-custom-embed\">\n\t\t\t<iframe loading=\"lazy\"\n\t\t\t\t\tsrc=\"https:\/\/maps.google.com\/maps?q=London%20Eye%2C%20London%2C%20United%20Kingdom&#038;t=m&#038;z=10&#038;output=embed&#038;iwloc=near\"\n\t\t\t\t\ttitle=\"London Eye, London, United Kingdom\"\n\t\t\t\t\taria-label=\"London Eye, London, United Kingdom\"\n\t\t\t><\/iframe>\n\t\t<\/div>\n\t\t\t\t\t\t<\/div>\n\t\t\t\t<\/div>\n\t\t\t\t<\/div>\n\t\t\t\t<\/div>\n\t\t","protected":false},"excerpt":{"rendered":"<p>\u00bfTienes dudas o quieres vender? Cont\u00e1ctanos hoy mismo. Env\u00edanos un mensaje Estamos para Ayudarte. Tel\u00e9fono 956-770-8800 Email hola@compradordeoro.com Chatea<\/p>\n","protected":false},"author":2,"featured_media":0,"parent":0,"menu_order":0,"comment_status":"closed","ping_status":"closed","template":"elementor_header_footer","meta":{"footnotes":""},"class_list":["post-54","page","type-page","status-publish"],"_links":{"self":[{"href":"https:\/\/compradordeoro.com\/index.php?rest_route=\/wp\/v2\/pages\/54","targetHints":{"allow":["GET"]}}],"collection":[{"href":"https:\/\/compradordeoro.com\/index.php?rest_route=\/wp\/v2\/pages"}],"about":[{"href":"https:\/\/compradordeoro.com\/index.php?rest_route=\/wp\/v2\/types\/page"}],"author":[{"embeddable":true,"href":"https:\/\/compradordeoro.com\/index.php?rest_route=\/wp\/v2\/users\/2"}],"replies":[{"embeddable":true,"href":"https:\/\/compradordeoro.com\/index.php?rest_route=%2Fwp%2Fv2%2Fcomments&post=54"}],"version-history":[{"count":0,"href":"https:\/\/compradordeoro.com\/index.php?rest_route=\/wp\/v2\/pages\/54\/revisions"}],"wp:attachment":[{"href":"https:\/\/compradordeoro.com\/index.php?rest_route=%2Fwp%2Fv2%2Fmedia&parent=54"}],"curies":[{"name":"wp","href":"https:\/\/api.w.org\/{rel}","templated":true}]}}