{"id":93,"date":"2026-04-14T08:57:38","date_gmt":"2026-04-14T12:57:38","guid":{"rendered":"https:\/\/compradordeoro.com\/?page_id=93"},"modified":"2026-04-14T09:18:08","modified_gmt":"2026-04-14T13:18:08","slug":"terminos-y-condiciones","status":"publish","type":"page","link":"https:\/\/compradordeoro.com\/?page_id=93","title":{"rendered":"T\u00e9rminos y condiciones"},"content":{"rendered":"\t\t<div data-elementor-type=\"wp-page\" data-elementor-id=\"93\" class=\"elementor elementor-93\" data-elementor-post-type=\"page\">\n\t\t\t\t<div class=\"elementor-element elementor-element-bd83daf e-flex e-con-boxed e-con e-parent\" data-id=\"bd83daf\" data-element_type=\"container\" data-e-type=\"container\" data-settings=\"{&quot;background_background&quot;:&quot;classic&quot;}\">\n\t\t\t\t\t<div class=\"e-con-inner\">\n\t\t<div class=\"elementor-element elementor-element-e1d37aa e-flex e-con-boxed e-con e-child\" data-id=\"e1d37aa\" data-element_type=\"container\" data-e-type=\"container\" data-settings=\"{&quot;background_background&quot;:&quot;classic&quot;}\">\n\t\t\t\t\t<div class=\"e-con-inner\">\n\t\t<div class=\"elementor-element elementor-element-e90f226 e-flex e-con-boxed e-con e-child\" data-id=\"e90f226\" data-element_type=\"container\" data-e-type=\"container\">\n\t\t\t\t\t<div class=\"e-con-inner\">\n\t\t<div class=\"elementor-element elementor-element-ded78fa e-con-full e-flex e-con e-child\" data-id=\"ded78fa\" data-element_type=\"container\" data-e-type=\"container\">\n\t\t\t\t<div class=\"elementor-element elementor-element-a139f7f elementor-widget elementor-widget-text-editor\" data-id=\"a139f7f\" data-element_type=\"widget\" data-e-type=\"widget\" data-widget_type=\"text-editor.default\">\n\t\t\t\t\t\t\t\t\t<p>Es nuestro deber proteger a los involucrados en el proceso de compra-venta.<\/p>\t\t\t\t\t\t\t\t<\/div>\n\t\t\t\t<\/div>\n\t\t\t\t\t<\/div>\n\t\t\t\t<\/div>\n\t\t\t\t\t<\/div>\n\t\t\t\t<\/div>\n\t\t\t\t\t<\/div>\n\t\t\t\t<\/div>\n\t\t<div class=\"elementor-element elementor-element-e0671fb e-flex e-con-boxed e-con e-parent\" data-id=\"e0671fb\" data-element_type=\"container\" data-e-type=\"container\">\n\t\t\t\t\t<div class=\"e-con-inner\">\n\t\t\t\t<div class=\"elementor-element elementor-element-63b89d7 elementor-widget elementor-widget-text-editor\" data-id=\"63b89d7\" data-element_type=\"widget\" data-e-type=\"widget\" data-widget_type=\"text-editor.default\">\n\t\t\t\t\t\t\t\t\t<h2 data-section-id=\"m4ue7b\" data-start=\"3368\" data-end=\"3404\"><span role=\"text\"><strong data-start=\"3371\" data-end=\"3404\">1. Aceptaci\u00f3n de los T\u00e9rminos<\/strong><\/span><\/h2><p data-start=\"3406\" data-end=\"3528\">Al acceder y utilizar el sitio web de <strong data-start=\"3444\" data-end=\"3464\">Comprador de Oro<\/strong>, usted acepta cumplir con los presentes t\u00e9rminos y condiciones.<\/p><hr data-start=\"3530\" data-end=\"3533\" \/><h2 data-section-id=\"we46yg\" data-start=\"3535\" data-end=\"3564\"><span role=\"text\"><strong data-start=\"3538\" data-end=\"3564\">2. Servicios Ofrecidos<\/strong><\/span><\/h2><p data-start=\"3566\" data-end=\"3582\">El sitio ofrece:<\/p><ul data-start=\"3583\" data-end=\"3743\"><li data-section-id=\"1ezkyfg\" data-start=\"3583\" data-end=\"3639\">Cotizaci\u00f3n de metales preciosos y art\u00edculos de valor<\/li><li data-section-id=\"1skp2dj\" data-start=\"3640\" data-end=\"3694\">Compra de oro, plata, diamantes, joyer\u00eda y relojes<\/li><li data-section-id=\"5lk80\" data-start=\"3695\" data-end=\"3743\">Atenci\u00f3n informativa y contacto con clientes<\/li><\/ul><hr data-start=\"3745\" data-end=\"3748\" \/><h2 data-section-id=\"s5g41r\" data-start=\"3750\" data-end=\"3790\"><span role=\"text\"><strong data-start=\"3753\" data-end=\"3790\">3. Naturaleza de las Cotizaciones<\/strong><\/span><\/h2><ul data-start=\"3792\" data-end=\"3954\"><li data-section-id=\"1tnr19g\" data-start=\"3792\" data-end=\"3848\">Todas las cotizaciones en l\u00ednea son <strong data-start=\"3830\" data-end=\"3846\">estimaciones<\/strong><\/li><li data-section-id=\"98iwqc\" data-start=\"3849\" data-end=\"3907\">El valor final se determina tras una evaluaci\u00f3n f\u00edsica<\/li><li data-section-id=\"1yhenty\" data-start=\"3908\" data-end=\"3954\">Los precios pueden variar seg\u00fan el mercado<\/li><\/ul><hr data-start=\"3956\" data-end=\"3959\" \/><h2 data-section-id=\"1j0lqff\" data-start=\"3961\" data-end=\"3988\"><span role=\"text\"><strong data-start=\"3964\" data-end=\"3988\">4. Proceso de Compra<\/strong><\/span><\/h2><p data-start=\"3990\" data-end=\"4009\">El proceso incluye:<\/p><ol data-start=\"4010\" data-end=\"4123\"><li data-section-id=\"17zeyq8\" data-start=\"4010\" data-end=\"4038\">Solicitud de cotizaci\u00f3n<\/li><li data-section-id=\"yspegm\" data-start=\"4039\" data-end=\"4067\">Evaluaci\u00f3n del art\u00edculo<\/li><li data-section-id=\"17ckni7\" data-start=\"4068\" data-end=\"4085\">Oferta final<\/li><li data-section-id=\"asrrcr\" data-start=\"4086\" data-end=\"4113\">Aceptaci\u00f3n del cliente<\/li><li data-section-id=\"1clz3k7\" data-start=\"4114\" data-end=\"4123\">Pago<\/li><\/ol><p data-start=\"4125\" data-end=\"4190\">La empresa se reserva el derecho de rechazar cualquier operaci\u00f3n.<\/p><hr data-start=\"4192\" data-end=\"4195\" \/><h2 data-section-id=\"fvkxz\" data-start=\"4197\" data-end=\"4230\"><span role=\"text\"><strong data-start=\"4200\" data-end=\"4230\">5. Condiciones del Usuario<\/strong><\/span><\/h2><p data-start=\"4232\" data-end=\"4255\">El usuario declara que:<\/p><ul data-start=\"4256\" data-end=\"4386\"><li data-section-id=\"1ar8sen\" data-start=\"4256\" data-end=\"4300\">Es propietario leg\u00edtimo de los art\u00edculos<\/li><li data-section-id=\"kq2x0v\" data-start=\"4301\" data-end=\"4352\">Los bienes no provienen de actividades il\u00edcitas<\/li><li data-section-id=\"1rwlin3\" data-start=\"4353\" data-end=\"4386\">Proporciona informaci\u00f3n veraz<\/li><\/ul><hr data-start=\"4388\" data-end=\"4391\" \/><h2 data-section-id=\"1g0uuy\" data-start=\"4393\" data-end=\"4446\"><span role=\"text\"><strong data-start=\"4396\" data-end=\"4446\">6. Prevenci\u00f3n de Fraude y Actividades Il\u00edcitas<\/strong><\/span><\/h2><p data-start=\"4448\" data-end=\"4477\">Nos reservamos el derecho de:<\/p><ul data-start=\"4478\" data-end=\"4602\"><li data-section-id=\"jrlinu\" data-start=\"4478\" data-end=\"4514\">Solicitar identificaci\u00f3n oficial<\/li><li data-section-id=\"5qs1zr\" data-start=\"4515\" data-end=\"4551\">Rechazar operaciones sospechosas<\/li><li data-section-id=\"vyjc9\" data-start=\"4552\" data-end=\"4602\">Reportar actividades a autoridades competentes<\/li><\/ul><hr data-start=\"4604\" data-end=\"4607\" \/><h2 data-section-id=\"1pcw9yu\" data-start=\"4609\" data-end=\"4624\"><span role=\"text\"><strong data-start=\"4612\" data-end=\"4624\">7. Pagos<\/strong><\/span><\/h2><ul data-start=\"4626\" data-end=\"4790\"><li data-section-id=\"1sw3vqs\" data-start=\"4626\" data-end=\"4675\">El pago se realiza una vez aceptada la oferta<\/li><li data-section-id=\"1e295ds\" data-start=\"4676\" data-end=\"4735\">M\u00e9todos: efectivo, transferencia u otros medios seguros<\/li><li data-section-id=\"vpoeiv\" data-start=\"4736\" data-end=\"4790\">No se realizan pagos sin verificaci\u00f3n del art\u00edculo<\/li><\/ul><hr data-start=\"4792\" data-end=\"4795\" \/><h2 data-section-id=\"1psn0yh\" data-start=\"4797\" data-end=\"4836\"><span role=\"text\"><strong data-start=\"4800\" data-end=\"4836\">8. Limitaci\u00f3n de Responsabilidad<\/strong><\/span><\/h2><p data-start=\"4838\" data-end=\"4879\">Comprador de Oro no ser\u00e1 responsable por:<\/p><ul data-start=\"4880\" data-end=\"5060\"><li data-section-id=\"wj0fzw\" data-start=\"4880\" data-end=\"4918\">Variaciones en precios del mercado<\/li><li data-section-id=\"4izr8l\" data-start=\"4919\" data-end=\"4983\">Expectativas del usuario no confirmadas en evaluaci\u00f3n f\u00edsica<\/li><li data-section-id=\"f571z4\" data-start=\"4984\" data-end=\"5060\">Errores derivados de informaci\u00f3n incorrecta proporcionada por el usuario<\/li><\/ul><hr data-start=\"5062\" data-end=\"5065\" \/><h2 data-section-id=\"19dd53i\" data-start=\"5067\" data-end=\"5094\"><span role=\"text\"><strong data-start=\"5070\" data-end=\"5094\">9. Uso del Sitio Web<\/strong><\/span><\/h2><p data-start=\"5096\" data-end=\"5123\">El usuario se compromete a:<\/p><ul data-start=\"5124\" data-end=\"5249\"><li data-section-id=\"13ac1qs\" data-start=\"5124\" data-end=\"5163\">No usar el sitio con fines ilegales<\/li><li data-section-id=\"saywud\" data-start=\"5164\" data-end=\"5211\">No intentar vulnerar la seguridad del sitio<\/li><li data-section-id=\"9a6nhr\" data-start=\"5212\" data-end=\"5249\">No proporcionar informaci\u00f3n falsa<\/li><\/ul><hr data-start=\"5251\" data-end=\"5254\" \/><h2 data-section-id=\"1jkgkga\" data-start=\"5256\" data-end=\"5288\"><span role=\"text\"><strong data-start=\"5259\" data-end=\"5288\">10. Propiedad Intelectual<\/strong><\/span><\/h2><p data-start=\"5290\" data-end=\"5420\">Todo el contenido del sitio (textos, im\u00e1genes, dise\u00f1o) es propiedad de Comprador de Oro y no puede ser utilizado sin autorizaci\u00f3n.<\/p><hr data-start=\"5422\" data-end=\"5425\" \/><h2 data-section-id=\"18t5j0m\" data-start=\"5427\" data-end=\"5454\"><span role=\"text\"><strong data-start=\"5430\" data-end=\"5454\">11. Confidencialidad<\/strong><\/span><\/h2><p data-start=\"5456\" data-end=\"5574\">Toda la informaci\u00f3n proporcionada por el usuario ser\u00e1 tratada de manera confidencial, conforme al Aviso de Privacidad.<\/p><hr data-start=\"5576\" data-end=\"5579\" \/><h2 data-section-id=\"xqzr6f\" data-start=\"5581\" data-end=\"5606\"><span role=\"text\"><strong data-start=\"5584\" data-end=\"5606\">12. Modificaciones<\/strong><\/span><\/h2><p data-start=\"5608\" data-end=\"5749\">Nos reservamos el derecho de modificar estos t\u00e9rminos en cualquier momento.<br data-start=\"5683\" data-end=\"5686\" \/>El uso continuo del sitio implica aceptaci\u00f3n de dichos cambios.<\/p><hr data-start=\"5751\" data-end=\"5754\" \/><h2 data-section-id=\"g1exd3\" data-start=\"5756\" data-end=\"5779\"><span role=\"text\"><strong data-start=\"5759\" data-end=\"5779\">13. Jurisdicci\u00f3n<\/strong><\/span><\/h2><p data-start=\"5781\" data-end=\"5905\">Para usuarios en M\u00e9xico, se aplican las leyes mexicanas.<br data-start=\"5837\" data-end=\"5840\" \/>Para usuarios en EE.UU., aplican las leyes del estado de Texas.<\/p><p data-start=\"5907\" data-end=\"5983\">Cualquier controversia ser\u00e1 resuelta en las jurisdicciones correspondientes.<\/p><hr data-start=\"5985\" data-end=\"5988\" \/><h2 data-section-id=\"1n0vaox\" data-start=\"5990\" data-end=\"6009\"><span role=\"text\"><strong data-start=\"5993\" data-end=\"6009\">14. Contacto<\/strong><\/span><\/h2><p data-start=\"6011\" data-end=\"6072\">Para dudas o aclaraciones:<br data-start=\"6037\" data-end=\"6040\" \/>\ud83d\udce7 <a class=\"decorated-link cursor-pointer\" rel=\"noopener\" data-start=\"6043\" data-end=\"6070\">contacto@compradordeoro.com<\/a><\/p>\t\t\t\t\t\t\t\t<\/div>\n\t\t\t\t\t<\/div>\n\t\t\t\t<\/div>\n\t\t\t\t<\/div>\n\t\t","protected":false},"excerpt":{"rendered":"<p>Es nuestro deber proteger a los involucrados en el proceso de compra-venta. 1. Aceptaci\u00f3n de los T\u00e9rminos Al acceder y utilizar el sitio web de Comprador de Oro, usted acepta cumplir con los presentes t\u00e9rminos y condiciones. 2. Servicios Ofrecidos El sitio ofrece: Cotizaci\u00f3n de metales preciosos y art\u00edculos de valor Compra de oro, plata, &#8230; <a title=\"T\u00e9rminos y condiciones\" class=\"read-more\" href=\"https:\/\/compradordeoro.com\/?page_id=93\" aria-label=\"Read more about T\u00e9rminos y condiciones\">Leer m\u00e1s<\/a><\/p>\n","protected":false},"author":2,"featured_media":0,"parent":0,"menu_order":0,"comment_status":"closed","ping_status":"closed","template":"elementor_header_footer","meta":{"footnotes":""},"class_list":["post-93","page","type-page","status-publish"],"_links":{"self":[{"href":"https:\/\/compradordeoro.com\/index.php?rest_route=\/wp\/v2\/pages\/93","targetHints":{"allow":["GET"]}}],"collection":[{"href":"https:\/\/compradordeoro.com\/index.php?rest_route=\/wp\/v2\/pages"}],"about":[{"href":"https:\/\/compradordeoro.com\/index.php?rest_route=\/wp\/v2\/types\/page"}],"author":[{"embeddable":true,"href":"https:\/\/compradordeoro.com\/index.php?rest_route=\/wp\/v2\/users\/2"}],"replies":[{"embeddable":true,"href":"https:\/\/compradordeoro.com\/index.php?rest_route=%2Fwp%2Fv2%2Fcomments&post=93"}],"version-history":[{"count":0,"href":"https:\/\/compradordeoro.com\/index.php?rest_route=\/wp\/v2\/pages\/93\/revisions"}],"wp:attachment":[{"href":"https:\/\/compradordeoro.com\/index.php?rest_route=%2Fwp%2Fv2%2Fmedia&parent=93"}],"curies":[{"name":"wp","href":"https:\/\/api.w.org\/{rel}","templated":true}]}}